{"id":2,"date":"2018-08-13T19:05:22","date_gmt":"2018-08-13T17:05:22","guid":{"rendered":"http:\/\/www.lookmeluck.com\/?page_id=2"},"modified":"2023-11-02T14:37:12","modified_gmt":"2023-11-02T13:37:12","slug":"home-page","status":"publish","type":"page","link":"https:\/\/www.lookmeluck.com\/","title":{"rendered":"Home Page"},"content":{"rendered":"<div  class=\"one withsmallpadding ppb_header \" style=\"text-align:left;padding:30px 0 30px 0;\" >\n<div class=\"standard_wrapper\">\n<div class=\"page_content_wrapper\">\n<div class=\"inner\">\n<div style=\"margin:auto;width:100%\">\n<h2 class=\"ppb_title\" style=\"\">approche<\/h2>\n<div class=\"page_header_sep left\"><\/div>\n<p><span style=\"color: #000000;\">Deux fr\u00e8res partageant leur passion de la photographie, ont mis leur savoir faire au service des professionnels. Ce site regroupe une s\u00e9lection des reportages photo r\u00e9alis\u00e9s en France et \u00e0 l\u2019\u00e9tranger, des images documentaires de quelques unes de leurs destinations et des collaborations avec d&rsquo;autres photographes.<\/span><\/p>\n<\/div>\n<\/div>\n<\/div>\n<\/div>\n<\/div>\n<div  class=\"one withsmallpadding ppb_header \" style=\"text-align:left;padding:30px 0 30px 0;\" >\n<div class=\"standard_wrapper\">\n<div class=\"page_content_wrapper\">\n<div class=\"inner\">\n<div style=\"margin:auto;width:100%\">\n<h2 class=\"ppb_title\" style=\"\">approche<\/h2>\n<div class=\"page_header_sep left\"><\/div>\n<p><span style=\"color: #000000;\">Deux fr\u00e8res partageant leur passion de la photographie, ont mis leur savoir faire au service des professionnels. Ce site regroupe une s\u00e9lection des reportages photo r\u00e9alis\u00e9s en France et \u00e0 l\u2019\u00e9tranger, des images documentaires de quelques unes de leurs destinations et des collaborations avec d&rsquo;autres photographes.<\/span><\/p>\n<\/div>\n<\/div>\n<\/div>\n<\/div>\n<\/div>\n<div  class=\"one withsmallpadding ppb_header \" style=\"text-align:left;padding:30px 0 30px 0;\" >\n<div class=\"standard_wrapper\">\n<div class=\"page_content_wrapper\">\n<div class=\"inner\">\n<div style=\"margin:auto;width:100%\">\n<h2 class=\"ppb_title\" style=\"\">approche<\/h2>\n<div class=\"page_header_sep left\"><\/div>\n<p><span style=\"color: #000000;\">Deux fr\u00e8res partageant leur passion de la photographie, ont mis leur savoir faire au service des professionnels. Ce site regroupe une s\u00e9lection des reportages photo r\u00e9alis\u00e9s en France et \u00e0 l\u2019\u00e9tranger, des images documentaires de quelques unes de leurs destinations et des collaborations avec d&rsquo;autres photographes.<\/span><\/p>\n<\/div>\n<\/div>\n<\/div>\n<\/div>\n<\/div>\n<div  class=\"one withsmallpadding ppb_content_half_bg \" style=\"padding:30px 0 30px 0;\" >\n<div class=\"standard_wrapper\">\n<div class=\"page_content_wrapper\">\n<div class=\"inner\">\n<div class=\"one_half_bg floatright\" style=\"background:#ffffff;background:rgb(255,255,255,1);background:rgba(255,255,255,1);\">\n<h2 class=\"ppb_title\" style=\"\">Photoikos<\/h2>\n<div class=\"page_header_sep left\" ><\/div>\n<p>Retrouvez toute l\u2019actualit\u00e9 de nos reportages de photographie d\u2019Architecture et d\u2019Int\u00e9rieur \u00e0 l\u2019adresse <a href=\"http:\/\/www.photoikos.com\"><strong>www.photoikos.com<\/strong><\/a><\/p>\n<\/div>\n<\/div>\n<\/div>\n<\/div>\n<\/div>\n<div  class=\"one withsmallpadding ppb_header \" style=\"text-align:left;padding:30px 0 30px 0;\" >\n<div class=\"standard_wrapper\">\n<div class=\"page_content_wrapper\">\n<div class=\"inner\">\n<div style=\"margin:auto;width:100%\">\n<h2 class=\"ppb_title\" style=\"\">portfolio<\/h2>\n<div class=\"page_header_sep left\"><\/div>\n<\/div>\n<\/div>\n<\/div>\n<\/div>\n<\/div>\n<div  class=\"one withsmallpadding ppb_content_half_bg \" style=\"padding:30px 0 30px 0;\" >\n<div class=\"standard_wrapper\">\n<div class=\"page_content_wrapper\">\n<div class=\"inner\">\n<div class=\"one_half_bg floatright\" style=\"background:#ffffff;background:rgb(255,255,255,1);background:rgba(255,255,255,1);\">\n<h2 class=\"ppb_title\" style=\"\">Julian<\/h2>\n<div class=\"page_header_sep left\" ><\/div>\n<p><a href=\"http:\/\/www.julianperez.fr\"><strong>www.julianperez.fr<\/strong><\/a><\/p>\n<\/div>\n<\/div>\n<\/div>\n<\/div>\n<\/div>\n<div  class=\"one withsmallpadding ppb_content_half_bg \" style=\"padding:30px 0 30px 0;\" >\n<div class=\"standard_wrapper\">\n<div class=\"page_content_wrapper\">\n<div class=\"inner\">\n<div class=\"one_half_bg floatright\" style=\"background:#ffffff;background:rgb(255,255,255,1);background:rgba(255,255,255,1);\">\n<h2 class=\"ppb_title\" style=\"\">Julian<\/h2>\n<div class=\"page_header_sep left\" ><\/div>\n<p><a href=\"http:\/\/www.julianperez.fr\"><strong>www.julianperez.fr<\/strong><\/a><\/p>\n<\/div>\n<\/div>\n<\/div>\n<\/div>\n<\/div>\n<div  class=\"one withsmallpadding ppb_content_half_bg \" style=\"padding:30px 0 30px 0;\" >\n<div class=\"standard_wrapper\">\n<div class=\"page_content_wrapper\">\n<div class=\"inner\">\n<div class=\"one_half_bg floatright\" style=\"background:#ffffff;background:rgb(255,255,255,1);background:rgba(255,255,255,1);\">\n<h2 class=\"ppb_title\" style=\"\">Jorge<\/h2>\n<div class=\"page_header_sep left\" ><\/div>\n<p><a href=\"http:\/\/www.jorgeperez.fr\"><strong>www.jorgeperez.fr<\/strong><\/a><\/p>\n<\/div>\n<\/div>\n<\/div>\n<\/div>\n<\/div>\n<div class=\"standard_wrapper\">\n<div  class=\"one withsmallpadding\" style=\"padding:px 0 px 0;\" >\n<div class=\"page_content_wrapper\">\n<div class=\"inner\">\n<div class=\"inner_wrapper\">\n<div class=\"sidebar_content full_width nopadding\">\n<div class=\"sidebar_content page_content\">\n<h2 class=\"ppb_title\">contact<\/h2>\n<div class=\"page_header_sep left\"><\/div>\n<div class=\"ppb_content\">D\u00e9crivez en quelques lignes votre propos, nous prendrons le temps de vous r\u00e9pondre dans les plus brefs d\u00e9lais. Pour les demandes de devis, veuillez nous indiquer le nom de votre soci\u00e9t\u00e9, votre activit\u00e9, vos besoins d\u2019images (nombre et supports), o\u00f9 doit se d\u00e9rouler la s\u00e9ance de photos et quand vous aimeriez que cela soit fait.<\/div>\n<div id=\"reponse_msg_1698932232609376937\" class=\"contact_form_response\">\n<ul><\/ul>\n<\/div>\n<form id=\"contact_form_1698932232609376937\" class=\"contact_form_wrapper\" method=\"post\" action=\"\/wp-admin\/admin-ajax.php\"><input type=\"hidden\" id=\"action\" name=\"action\" value=\"pp_contact_mailer\"\/><label for=\"your_name\">Name *<\/label><br \/>\n    \t\t\t\t<input id=\"your_name\" name=\"your_name\" type=\"text\" class=\"required_field\" placeholder=\"Name *\"\/><br \/>\n    \t\t\t\t<label for=\"company\">Company Name<\/label><br \/>\n    \t\t\t\t<input id=\"company\" name=\"company\" type=\"text\" placeholder=\"Company Name\"\/><br \/>\n    \t\t\t\t<label for=\"email\">Email *<\/label><br \/>\n    \t\t\t\t<input id=\"email\" name=\"email\" type=\"text\" class=\"required_field email\" placeholder=\"Email *\"\/><br \/>\n    \t\t\t\t<label for=\"phone\">Phone<\/label><br \/>\n    \t\t\t\t<input id=\"phone\" name=\"phone\" type=\"text\" placeholder=\"Phone\"\/><br \/>\n    \t\t\t\t<label for=\"message\">Message *<\/label><br \/>\n    \t\t\t\t<textarea id=\"message\" name=\"message\" rows=\"7\" cols=\"10\" class=\"required_field\" style=\"width:95.5%;\" placeholder=\"Message *\"><\/textarea><\/p>\n<div id=\"captcha-wrap\">\n<div class=\"captcha-box\">\n    \t\t\t<img decoding=\"async\" src=\"https:\/\/www.lookmeluck.com\/wp-content\/themes\/photome\/get_captcha.php\" alt=\"\" id=\"captcha\" \/>\n    \t\t<\/div>\n<div class=\"text-box\">\n    \t\t\t<label>Type the two words:<\/label><br \/>\n    \t\t\t<input name=\"captcha-code\" type=\"text\" id=\"captcha-code\">\n    \t\t<\/div>\n<div class=\"captcha-action\">\n    \t\t\t<img decoding=\"async\" src=\"https:\/\/www.lookmeluck.com\/wp-content\/themes\/photome\/images\/refresh.jpg\"  alt=\"\" id=\"captcha-refresh\" \/>\n    \t\t<\/div>\n<\/p><\/div>\n<p>    \t<br class=\"clear\"\/><\/p>\n<p><\/p>\n<div class=\"contact_submit_wrapper\">\n    \t<input id=\"contact_submit_btn1698932232609376937\" name=\"contact_submit_btn1698932232609376937\" type=\"submit\" class=\"solidbg\" value=\"Send\"\/>\n    <\/div>\n<\/form>\n<\/div>\n<div class=\"sidebar_wrapper\">\n<div class=\"sidebar\">\n<div class=\"content\">\n<ul class=\"sidebar_widget\"><\/ul>\n<\/div>\n<\/div>\n<\/div>\n<\/div>\n<\/div>\n<\/div>\n<\/div>\n<\/div>\n<\/div>\n<div  class=\"one withsmallpadding ppb_header \" style=\"text-align:left;padding:30px 0 30px 0;\" >\n<div class=\"standard_wrapper\">\n<div class=\"page_content_wrapper\">\n<div class=\"inner\">\n<div style=\"margin:auto;width:100%\">\n<p><strong style=\"color: #000000;\">Strasbourg<\/strong><br style=\"color: #000000;\" \/><span style=\"color: #000000;\">22 bis Rue des Magasins<\/span><\/p>\n<\/div>\n<\/div>\n<\/div>\n<\/div>\n<\/div>\n<div  class=\"one withsmallpadding ppb_header \" style=\"text-align:left;padding:30px 0 30px 0;\" >\n<div class=\"standard_wrapper\">\n<div class=\"page_content_wrapper\">\n<div class=\"inner\">\n<div style=\"margin:auto;width:100%\">\n<p><strong style=\"color: #000000;\">Strasbourg<\/strong><br style=\"color: #000000;\" \/><span style=\"color: #000000;\">22 bis Rue des Magasins<\/span><\/p>\n<\/div>\n<\/div>\n<\/div>\n<\/div>\n<\/div>\n","protected":false},"excerpt":{"rendered":"<p>approche Deux fr\u00e8res partageant leur passion de la photographie, ont mis leur savoir faire au service des professionnels. Ce site regroupe une s\u00e9lection des reportages photo r\u00e9alis\u00e9s en France et \u00e0 l\u2019\u00e9tranger, des images documentaires de quelques unes de leurs [&hellip;]<\/p>\n","protected":false},"author":1,"featured_media":0,"parent":0,"menu_order":0,"comment_status":"closed","ping_status":"closed","template":"","meta":{"footnotes":""},"_links":{"self":[{"href":"https:\/\/www.lookmeluck.com\/index.php\/wp-json\/wp\/v2\/pages\/2"}],"collection":[{"href":"https:\/\/www.lookmeluck.com\/index.php\/wp-json\/wp\/v2\/pages"}],"about":[{"href":"https:\/\/www.lookmeluck.com\/index.php\/wp-json\/wp\/v2\/types\/page"}],"author":[{"embeddable":true,"href":"https:\/\/www.lookmeluck.com\/index.php\/wp-json\/wp\/v2\/users\/1"}],"replies":[{"embeddable":true,"href":"https:\/\/www.lookmeluck.com\/index.php\/wp-json\/wp\/v2\/comments?post=2"}],"version-history":[{"count":188,"href":"https:\/\/www.lookmeluck.com\/index.php\/wp-json\/wp\/v2\/pages\/2\/revisions"}],"predecessor-version":[{"id":626,"href":"https:\/\/www.lookmeluck.com\/index.php\/wp-json\/wp\/v2\/pages\/2\/revisions\/626"}],"wp:attachment":[{"href":"https:\/\/www.lookmeluck.com\/index.php\/wp-json\/wp\/v2\/media?parent=2"}],"curies":[{"name":"wp","href":"https:\/\/api.w.org\/{rel}","templated":true}]}}